{"id":5490,"date":"2024-11-12T09:30:00","date_gmt":"2024-11-12T08:30:00","guid":{"rendered":"https:\/\/la-maison.net\/index.php\/nos-offres-de-diners-et-dejeuners\/"},"modified":"2025-01-21T17:52:48","modified_gmt":"2025-01-21T16:52:48","slug":"nos-cocktails","status":"publish","type":"page","link":"https:\/\/la-maison.net\/index.php\/nos-cocktails\/","title":{"rendered":"Cocktails"},"content":{"rendered":"<div id=\"pl-5490\"  class=\"panel-layout\" ><div id=\"pg-5490-0\"  class=\"panel-grid panel-no-style\" ><div id=\"pgc-5490-0-0\"  class=\"panel-grid-cell\" ><\/div><\/div><div id=\"pg-5490-1\"  class=\"panel-grid panel-no-style\" ><div id=\"pgc-5490-1-0\"  class=\"panel-grid-cell\" ><div id=\"panel-5490-1-0-0\" class=\"so-panel widget widget_sow-headline panel-first-child panel-last-child\" data-index=\"1\" ><div\n\t\t\t\n\t\t\tclass=\"so-widget-sow-headline so-widget-sow-headline-default-2003ec27020c-5490\"\n\t\t\t\n\t\t><div class=\"sow-headline-container \">\n\t\t\t\t\t\t\t<h2 class=\"sow-headline\">\n\t\t\t\t\t\tCOCKTAILS\t\t\t\t\t\t<\/h2>\n\t\t\t\t\t\t\t\t\t\t\t<div class=\"decoration\">\n\t\t\t\t\t\t<div class=\"decoration-inside\"><\/div>\n\t\t\t\t\t<\/div>\n\t\t\t\t\t<\/div>\n<\/div><\/div><\/div><\/div><div id=\"pg-5490-2\"  class=\"panel-grid panel-no-style\" ><div id=\"pgc-5490-2-0\"  class=\"panel-grid-cell\" ><div id=\"panel-5490-2-0-0\" class=\"so-panel widget widget_sow-editor panel-first-child panel-last-child\" data-index=\"2\" ><div\n\t\t\t\n\t\t\tclass=\"so-widget-sow-editor so-widget-sow-editor-base\"\n\t\t\t\n\t\t>\n<div class=\"siteorigin-widget-tinymce textwidget\">\n\t<h2 style=\"text-align: center;\">Nos solutions de cocktails privil\u00e9gient le go\u00fbt des pi\u00e8ces servies et la qualit\u00e9 du service.<\/p>\n<p>Nous ne travaillons qu'avec des produits frais, favorisons les fili\u00e8res locales et respectueuses de l'environnement et pratiquons le tri s\u00e9lectif.<\/p>\n<\/h2>\n<h2 style=\"text-align: center;\">Nous nous limitons \u00e0 des cocktails inf\u00e9rieurs \u00e0 200 participants.<\/h2>\n<\/div>\n<\/div><\/div><\/div><\/div><div id=\"pg-5490-3\"  class=\"panel-grid panel-no-style\" ><div id=\"pgc-5490-3-0\"  class=\"panel-grid-cell\" ><div id=\"panel-5490-3-0-0\" class=\"so-panel widget widget_sow-simple-masonry panel-first-child\" data-index=\"3\" ><div\n\t\t\t\n\t\t\tclass=\"so-widget-sow-simple-masonry so-widget-sow-simple-masonry-default-d75171398898-5490\"\n\t\t\t data-overlay-enabled=\"1\" data-overlay-settings=\"{&quot;enabled_for_widgets&quot;:[&quot;sow-image&quot;,&quot;sow-image-grid&quot;,&quot;sow-simple-masonry&quot;],&quot;theme&quot;:&quot;&quot;,&quot;show_delay&quot;:300,&quot;overlay_color&quot;:&quot;#000000&quot;,&quot;overlay_opacity&quot;:0.8,&quot;overlay_position&quot;:&quot;bottom&quot;,&quot;overlay_size&quot;:0.3,&quot;desktop_show_trigger&quot;:&quot;hover&quot;,&quot;touch_show_trigger&quot;:&quot;touch&quot;,&quot;responsive_breakpoint&quot;:&quot;1024px&quot;,&quot;responsive_breakpoint_unit&quot;:&quot;px&quot;,&quot;overlay_animation&quot;:&quot;fade&quot;,&quot;overlay_animation_onscreen&quot;:false,&quot;font_family&quot;:&quot;&quot;,&quot;text_size&quot;:&quot;15px&quot;,&quot;text_size_unit&quot;:&quot;px&quot;,&quot;text_color&quot;:&quot;#fff&quot;,&quot;text_padding&quot;:&quot;22px 22px 22px 22px&quot;,&quot;text_position&quot;:&quot;middle&quot;,&quot;text_align&quot;:&quot;left&quot;,&quot;text_animation&quot;:&quot;&quot;}\"\n\t\t>\n\n<div class=\"sow-masonry-grid\"\n\tdata-layouts=\"{&quot;desktop&quot;:{&quot;numColumns&quot;:3,&quot;rowHeight&quot;:0,&quot;gutter&quot;:10},&quot;tablet&quot;:{&quot;breakPoint&quot;:768,&quot;numColumns&quot;:2,&quot;rowHeight&quot;:0,&quot;gutter&quot;:10},&quot;mobile&quot;:{&quot;breakPoint&quot;:480,&quot;numColumns&quot;:1,&quot;rowHeight&quot;:0,&quot;gutter&quot;:10}}\" data-layout-origin-left=\"true\" >\n\t\t\t\t<div class=\"sow-masonry-grid-item\" data-col-span=\"1\"\n\t\t\t\tdata-row-span=\"1\">\n\t\t\t\t\n\t\t\t\t\n\t\t\t\t<img loading=\"lazy\" decoding=\"async\" width=\"1125\" height=\"1102\" src=\"https:\/\/la-maison.net\/wp-content\/uploads\/2024\/09\/IMG_3968-2.jpg\" class=\"sow-masonry-grid-image\" alt=\"\" title=\"IMG_3968 2\" srcset=\"https:\/\/la-maison.net\/wp-content\/uploads\/2024\/09\/IMG_3968-2.jpg 1125w, https:\/\/la-maison.net\/wp-content\/uploads\/2024\/09\/IMG_3968-2-300x294.jpg 300w, https:\/\/la-maison.net\/wp-content\/uploads\/2024\/09\/IMG_3968-2-1024x1003.jpg 1024w, https:\/\/la-maison.net\/wp-content\/uploads\/2024\/09\/IMG_3968-2-768x752.jpg 768w, https:\/\/la-maison.net\/wp-content\/uploads\/2024\/09\/IMG_3968-2-600x588.jpg 600w\" sizes=\"(max-width: 1125px) 100vw, 1125px\" \/>\n\t\t\t\t\n\t\t\t\t\t\t\t<\/div>\n\t\t\t\t\t\t<div class=\"sow-masonry-grid-item\" data-col-span=\"1\"\n\t\t\t\tdata-row-span=\"1\">\n\t\t\t\t\n\t\t\t\t\n\t\t\t\t<img loading=\"lazy\" decoding=\"async\" width=\"3024\" height=\"3024\" src=\"https:\/\/la-maison.net\/wp-content\/uploads\/2019\/07\/IMG_2956.jpg\" class=\"sow-masonry-grid-image\" alt=\"\" title=\"\" srcset=\"https:\/\/la-maison.net\/wp-content\/uploads\/2019\/07\/IMG_2956.jpg 3024w, https:\/\/la-maison.net\/wp-content\/uploads\/2019\/07\/IMG_2956-150x150.jpg 150w, https:\/\/la-maison.net\/wp-content\/uploads\/2019\/07\/IMG_2956-300x300.jpg 300w, https:\/\/la-maison.net\/wp-content\/uploads\/2019\/07\/IMG_2956-768x768.jpg 768w, https:\/\/la-maison.net\/wp-content\/uploads\/2019\/07\/IMG_2956-1024x1024.jpg 1024w, https:\/\/la-maison.net\/wp-content\/uploads\/2019\/07\/IMG_2956-600x600.jpg 600w, https:\/\/la-maison.net\/wp-content\/uploads\/2019\/07\/IMG_2956-100x100.jpg 100w\" sizes=\"(max-width: 3024px) 100vw, 3024px\" \/>\n\t\t\t\t\n\t\t\t\t\t\t\t<\/div>\n\t\t\t\t\t\t<div class=\"sow-masonry-grid-item\" data-col-span=\"1\"\n\t\t\t\tdata-row-span=\"1\">\n\t\t\t\t\n\t\t\t\t\n\t\t\t\t<img decoding=\"async\" src=\"https:\/\/la-maison.net\/wp-content\/uploads\/2024\/09\/IMG_3886.heic\" class=\"sow-masonry-grid-image\" alt=\"\" title=\"\" \/>\n\t\t\t\t\n\t\t\t\t\t\t\t<\/div>\n\t\t\t\t\t\t<div class=\"sow-masonry-grid-item\" data-col-span=\"1\"\n\t\t\t\tdata-row-span=\"1\">\n\t\t\t\t\n\t\t\t\t\n\t\t\t\t<img loading=\"lazy\" decoding=\"async\" width=\"1932\" height=\"1932\" src=\"https:\/\/la-maison.net\/wp-content\/uploads\/2024\/09\/IMG_3253.jpg\" class=\"sow-masonry-grid-image\" alt=\"\" title=\"\" srcset=\"https:\/\/la-maison.net\/wp-content\/uploads\/2024\/09\/IMG_3253.jpg 1932w, https:\/\/la-maison.net\/wp-content\/uploads\/2024\/09\/IMG_3253-300x300.jpg 300w, https:\/\/la-maison.net\/wp-content\/uploads\/2024\/09\/IMG_3253-1024x1024.jpg 1024w, https:\/\/la-maison.net\/wp-content\/uploads\/2024\/09\/IMG_3253-150x150.jpg 150w, https:\/\/la-maison.net\/wp-content\/uploads\/2024\/09\/IMG_3253-768x768.jpg 768w, https:\/\/la-maison.net\/wp-content\/uploads\/2024\/09\/IMG_3253-1536x1536.jpg 1536w, https:\/\/la-maison.net\/wp-content\/uploads\/2024\/09\/IMG_3253-600x600.jpg 600w, https:\/\/la-maison.net\/wp-content\/uploads\/2024\/09\/IMG_3253-100x100.jpg 100w, https:\/\/la-maison.net\/wp-content\/uploads\/2024\/09\/IMG_3253-216x216.jpg 216w, https:\/\/la-maison.net\/wp-content\/uploads\/2024\/09\/IMG_3253-375x375.jpg 375w\" sizes=\"(max-width: 1932px) 100vw, 1932px\" \/>\n\t\t\t\t\n\t\t\t\t\t\t\t<\/div>\n\t\t\t\t\t\t<div class=\"sow-masonry-grid-item\" data-col-span=\"1\"\n\t\t\t\tdata-row-span=\"1\">\n\t\t\t\t\n\t\t\t\t\n\t\t\t\t<img loading=\"lazy\" decoding=\"async\" width=\"1080\" height=\"1920\" src=\"https:\/\/la-maison.net\/wp-content\/uploads\/2024\/08\/518d2d2a-69bb-4937-9f14-3d95f4af7e77-2.jpg\" class=\"sow-masonry-grid-image\" alt=\"\" title=\"518d2d2a-69bb-4937-9f14-3d95f4af7e77 2\" srcset=\"https:\/\/la-maison.net\/wp-content\/uploads\/2024\/08\/518d2d2a-69bb-4937-9f14-3d95f4af7e77-2.jpg 1080w, https:\/\/la-maison.net\/wp-content\/uploads\/2024\/08\/518d2d2a-69bb-4937-9f14-3d95f4af7e77-2-169x300.jpg 169w, https:\/\/la-maison.net\/wp-content\/uploads\/2024\/08\/518d2d2a-69bb-4937-9f14-3d95f4af7e77-2-576x1024.jpg 576w, https:\/\/la-maison.net\/wp-content\/uploads\/2024\/08\/518d2d2a-69bb-4937-9f14-3d95f4af7e77-2-768x1365.jpg 768w, https:\/\/la-maison.net\/wp-content\/uploads\/2024\/08\/518d2d2a-69bb-4937-9f14-3d95f4af7e77-2-864x1536.jpg 864w, https:\/\/la-maison.net\/wp-content\/uploads\/2024\/08\/518d2d2a-69bb-4937-9f14-3d95f4af7e77-2-600x1067.jpg 600w\" sizes=\"(max-width: 1080px) 100vw, 1080px\" \/>\n\t\t\t\t\n\t\t\t\t\t\t\t<\/div>\n\t\t\t\t\t\t<div class=\"sow-masonry-grid-item\" data-col-span=\"1\"\n\t\t\t\tdata-row-span=\"1\">\n\t\t\t\t\n\t\t\t\t\n\t\t\t\t<img loading=\"lazy\" decoding=\"async\" width=\"960\" height=\"960\" src=\"https:\/\/la-maison.net\/wp-content\/uploads\/2019\/05\/59976174_10161864045445595_8379128904098512896_n-1.jpg\" class=\"sow-masonry-grid-image\" alt=\"\" title=\"macaron personnalis\u00e9\" srcset=\"https:\/\/la-maison.net\/wp-content\/uploads\/2019\/05\/59976174_10161864045445595_8379128904098512896_n-1.jpg 960w, https:\/\/la-maison.net\/wp-content\/uploads\/2019\/05\/59976174_10161864045445595_8379128904098512896_n-1-150x150.jpg 150w, https:\/\/la-maison.net\/wp-content\/uploads\/2019\/05\/59976174_10161864045445595_8379128904098512896_n-1-300x300.jpg 300w, https:\/\/la-maison.net\/wp-content\/uploads\/2019\/05\/59976174_10161864045445595_8379128904098512896_n-1-768x768.jpg 768w, https:\/\/la-maison.net\/wp-content\/uploads\/2019\/05\/59976174_10161864045445595_8379128904098512896_n-1-600x600.jpg 600w, https:\/\/la-maison.net\/wp-content\/uploads\/2019\/05\/59976174_10161864045445595_8379128904098512896_n-1-100x100.jpg 100w\" sizes=\"(max-width: 960px) 100vw, 960px\" \/>\n\t\t\t\t\n\t\t\t\t\t\t\t<\/div>\n\t\t\t\n<\/div>\n<\/div><\/div><div id=\"panel-5490-3-0-1\" class=\"so-panel widget widget_sow-editor panel-last-child\" data-index=\"4\" ><div\n\t\t\t\n\t\t\tclass=\"so-widget-sow-editor so-widget-sow-editor-base\"\n\t\t\t\n\t\t>\n<div class=\"siteorigin-widget-tinymce textwidget\">\n\t<h3><strong><span class=\"so-premium-web-font\" style=\"font-family: 'Plus Jakarta Sans'; font-style: normal;\" data-web-font-module=\"google\" data-font-info=\"{&quot;font&quot;:&quot;Plus Jakarta Sans&quot;,&quot;webfont&quot;:true,&quot;variant&quot;:&quot;200&quot;,&quot;module&quot;:&quot;google&quot;}\">Quelques id\u00e9es :<\/span><\/strong><\/h3>\n<h3><span style=\"font-family: Plus Jakarta Sans;\">Velout\u00e9 de champignons \u00e0 la truffe, noisettes torr\u00e9fi\u00e9es, cr\u00e8me selon.<\/p>\n<p>Velout\u00e9 de butternut, coriandre, pignons de pain, cr\u00e8me selon.<\/p>\n<p><\/span><\/h3>\n<h3><span class=\"so-premium-web-font\" style=\"font-family: 'Plus Jakarta Sans'; font-weight: 200; font-style: normal;\" data-web-font-module=\"google\" data-font-info=\"{&quot;font&quot;:&quot;Plus Jakarta Sans&quot;,&quot;webfont&quot;:true,&quot;variant&quot;:&quot;200&quot;,&quot;module&quot;:&quot;google&quot;}\">Chorizo, pommes de terre pompadour, confit de poivrons et d'oignons.<\/p>\n<p>Feuilles de nori snack\u00e9es, huile de s\u00e9same, sel de mer.<\/p>\n<p>P\u00e2t\u00e9 en cro\u00fbte grand-m\u00e8re, volaille et cochon, pistaches.<\/p>\n<p><\/span><\/h3>\n<h3><span class=\"so-premium-web-font\" style=\"font-family: 'Plus Jakarta Sans'; font-weight: 200; font-style: normal;\" data-web-font-module=\"google\" data-font-info=\"{&quot;font&quot;:&quot;Plus Jakarta Sans&quot;,&quot;webfont&quot;:true,&quot;variant&quot;:&quot;200&quot;,&quot;module&quot;:&quot;google&quot;}\">Tartare de saumon \u00e0 la mangue, citron vert, huile d'olive, graines de s\u00e9same, wakame et furikake.<\/span><\/h3>\n<h3><span class=\"so-premium-web-font\" style=\"font-family: 'Plus Jakarta Sans'; font-weight: 200; font-style: normal;\" data-web-font-module=\"google\" data-font-info=\"{&quot;font&quot;:&quot;Plus Jakarta Sans&quot;,&quot;webfont&quot;:true,&quot;variant&quot;:&quot;200&quot;,&quot;module&quot;:&quot;google&quot;}\">Crevettes bio labellis\u00e9es, marinade \u00e0 la tha\u00ef, \u00e9cras\u00e9 de pommes de terre amandines, lait de coco, haricots verts, zeste de yuzu.<\/span><\/h3>\n<h3><span class=\"so-premium-web-font\" style=\"font-family: 'Plus Jakarta Sans'; font-weight: 200; font-style: normal;\" data-web-font-module=\"google\" data-font-info=\"{&quot;font&quot;:&quot;Plus Jakarta Sans&quot;,&quot;webfont&quot;:true,&quot;variant&quot;:&quot;200&quot;,&quot;module&quot;:&quot;google&quot;}\">Parmentier de canard, parmesan, noisette, cr\u00e8me fra\u00eeche, m\u00e2che et ciboulette.<\/span><\/h3>\n<h3><span class=\"so-premium-web-font\" style=\"font-family: 'Plus Jakarta Sans'; font-weight: 200; font-style: normal;\" data-web-font-module=\"google\" data-font-info=\"{&quot;font&quot;:&quot;Plus Jakarta Sans&quot;,&quot;webfont&quot;:true,&quot;variant&quot;:&quot;200&quot;,&quot;module&quot;:&quot;google&quot;}\">Tataki de b\u0153uf, marinade \u00e0 la sauce soja \u00e0 l'ail noir, sauce au Ponzu, miel et s\u00e9same noir.<\/span><\/h3>\n<h3><span class=\"so-premium-web-font\" style=\"font-family: 'Plus Jakarta Sans'; font-weight: 200; font-style: normal;\" data-web-font-module=\"google\" data-font-info=\"{&quot;font&quot;:&quot;Plus Jakarta Sans&quot;,&quot;webfont&quot;:true,&quot;variant&quot;:&quot;200&quot;,&quot;module&quot;:&quot;google&quot;}\">Empenadas au Sainte-Maure et pignons grill\u00e9s.<\/span><\/h3>\n<h3><span class=\"so-premium-web-font\" style=\"font-family: 'Plus Jakarta Sans'; font-weight: 200; font-style: normal;\" data-web-font-module=\"google\" data-font-info=\"{&quot;font&quot;:&quot;Plus Jakarta Sans&quot;,&quot;webfont&quot;:true,&quot;variant&quot;:&quot;200&quot;,&quot;module&quot;:&quot;google&quot;}\">Fromages issus des meilleurs fromagers affineurs de Paris.<\/span><br \/>\n<span class=\"so-premium-web-font\" style=\"font-family: 'Plus Jakarta Sans'; font-weight: 200; font-style: normal;\" data-web-font-module=\"google\" data-font-info=\"{&quot;font&quot;:&quot;Plus Jakarta Sans&quot;,&quot;webfont&quot;:true,&quot;variant&quot;:&quot;200&quot;,&quot;module&quot;:&quot;google&quot;}\">Du go\u00fbt, des raret\u00e9s et plein d'histoires autour.<\/span><\/h3>\n<h3><span class=\"so-premium-web-font\" style=\"font-family: 'Plus Jakarta Sans'; font-weight: 200; font-style: normal;\" data-web-font-module=\"google\" data-font-info=\"{&quot;font&quot;:&quot;Plus Jakarta Sans&quot;,&quot;webfont&quot;:true,&quot;variant&quot;:&quot;200&quot;,&quot;module&quot;:&quot;google&quot;}\">Pains sp\u00e9ciaux et p\u00e2tisseries tea-time signatures cr\u00e9es par une s\u00e9lection des meilleurs p\u00e2tissiers de Paris.<\/span><br \/>\n<span class=\"so-premium-web-font\" style=\"font-family: 'Plus Jakarta Sans'; font-weight: 200; font-style: normal;\" data-web-font-module=\"google\" data-font-info=\"{&quot;font&quot;:&quot;Plus Jakarta Sans&quot;,&quot;webfont&quot;:true,&quot;variant&quot;:&quot;200&quot;,&quot;module&quot;:&quot;google&quot;}\">Des petites pierres pr\u00e9cieuses pour le plus grand plaisir de votre palais et celui de vos convives.<\/span><\/h3>\n<h3><span class=\"so-premium-web-font\" style=\"font-family: 'Plus Jakarta Sans'; font-weight: 200; font-style: normal;\" data-web-font-module=\"google\" data-font-info=\"{&quot;font&quot;:&quot;Plus Jakarta Sans&quot;,&quot;webfont&quot;:true,&quot;variant&quot;:&quot;200&quot;,&quot;module&quot;:&quot;google&quot;}\">Vins et boissons soigneusement s\u00e9lectionn\u00e9s.<\/span><\/h3>\n<\/div>\n<\/div><\/div><\/div><\/div><\/div>","protected":false},"excerpt":{"rendered":"<p>COCKTAILS Nos solutions de cocktails privil\u00e9gient le go\u00fbt des pi\u00e8ces servies et la qualit\u00e9 du service. Nous ne travaillons qu&rsquo;avec des produits frais, favorisons les fili\u00e8res locales et respectueuses de l&rsquo;environnement et pratiquons le tri s\u00e9lectif. Nous nous limitons \u00e0 des cocktails inf\u00e9rieurs \u00e0 200 participants. Quelques id\u00e9es : Velout\u00e9 de champignons \u00e0 la truffe, [&hellip;]<\/p>\n","protected":false},"author":1,"featured_media":0,"parent":0,"menu_order":0,"comment_status":"closed","ping_status":"closed","template":"","meta":{"footnotes":""},"class_list":["post-5490","page","type-page","status-publish","hentry","categories-89","blog-blocks-layout","blog-style-imgblock","","blog-alt-odd"],"yoast_head":"<!-- This site is optimized with the Yoast SEO plugin v24.1 - https:\/\/yoast.com\/wordpress\/plugins\/seo\/ -->\n<title>Cocktails -<\/title>\n<meta name=\"robots\" content=\"index, follow, max-snippet:-1, max-image-preview:large, max-video-preview:-1\" \/>\n<link rel=\"canonical\" href=\"https:\/\/la-maison.net\/index.php\/nos-cocktails\/\" \/>\n<meta property=\"og:locale\" content=\"fr_FR\" \/>\n<meta property=\"og:type\" content=\"article\" \/>\n<meta property=\"og:title\" content=\"Cocktails -\" \/>\n<meta property=\"og:description\" content=\"COCKTAILS Nos solutions de cocktails privil\u00e9gient le go\u00fbt des pi\u00e8ces servies et la qualit\u00e9 du service. Nous ne travaillons qu&#039;avec des produits frais, favorisons les fili\u00e8res locales et respectueuses de l&#039;environnement et pratiquons le tri s\u00e9lectif. Nous nous limitons \u00e0 des cocktails inf\u00e9rieurs \u00e0 200 participants. Quelques id\u00e9es : Velout\u00e9 de champignons \u00e0 la truffe, [&hellip;]\" \/>\n<meta property=\"og:url\" content=\"https:\/\/la-maison.net\/index.php\/nos-cocktails\/\" \/>\n<meta property=\"article:modified_time\" content=\"2025-01-21T16:52:48+00:00\" \/>\n<meta name=\"twitter:card\" content=\"summary_large_image\" \/>\n<meta name=\"twitter:label1\" content=\"Dur\u00e9e de lecture estim\u00e9e\" \/>\n\t<meta name=\"twitter:data1\" content=\"3 minutes\" \/>\n<script type=\"application\/ld+json\" class=\"yoast-schema-graph\">{\"@context\":\"https:\/\/schema.org\",\"@graph\":[{\"@type\":\"WebPage\",\"@id\":\"https:\/\/la-maison.net\/index.php\/nos-cocktails\/\",\"url\":\"https:\/\/la-maison.net\/index.php\/nos-cocktails\/\",\"name\":\"Cocktails -\",\"isPartOf\":{\"@id\":\"https:\/\/la-maison.net\/#website\"},\"datePublished\":\"2024-11-12T08:30:00+00:00\",\"dateModified\":\"2025-01-21T16:52:48+00:00\",\"breadcrumb\":{\"@id\":\"https:\/\/la-maison.net\/index.php\/nos-cocktails\/#breadcrumb\"},\"inLanguage\":\"fr-FR\",\"potentialAction\":[{\"@type\":\"ReadAction\",\"target\":[\"https:\/\/la-maison.net\/index.php\/nos-cocktails\/\"]}]},{\"@type\":\"BreadcrumbList\",\"@id\":\"https:\/\/la-maison.net\/index.php\/nos-cocktails\/#breadcrumb\",\"itemListElement\":[{\"@type\":\"ListItem\",\"position\":1,\"name\":\"Accueil\",\"item\":\"https:\/\/la-maison.net\/\"},{\"@type\":\"ListItem\",\"position\":2,\"name\":\"Cocktails\"}]},{\"@type\":\"WebSite\",\"@id\":\"https:\/\/la-maison.net\/#website\",\"url\":\"https:\/\/la-maison.net\/\",\"name\":\"la-maison.net\",\"description\":\"\",\"publisher\":{\"@id\":\"https:\/\/la-maison.net\/#organization\"},\"potentialAction\":[{\"@type\":\"SearchAction\",\"target\":{\"@type\":\"EntryPoint\",\"urlTemplate\":\"https:\/\/la-maison.net\/?s={search_term_string}\"},\"query-input\":{\"@type\":\"PropertyValueSpecification\",\"valueRequired\":true,\"valueName\":\"search_term_string\"}}],\"inLanguage\":\"fr-FR\"},{\"@type\":\"Organization\",\"@id\":\"https:\/\/la-maison.net\/#organization\",\"name\":\"La Maison\",\"url\":\"https:\/\/la-maison.net\/\",\"logo\":{\"@type\":\"ImageObject\",\"inLanguage\":\"fr-FR\",\"@id\":\"https:\/\/la-maison.net\/#\/schema\/logo\/image\/\",\"url\":\"https:\/\/la-maison.net\/wp-content\/uploads\/2018\/12\/cropped-logo-2019-e1580116215100.jpg\",\"contentUrl\":\"https:\/\/la-maison.net\/wp-content\/uploads\/2018\/12\/cropped-logo-2019-e1580116215100.jpg\",\"width\":384,\"height\":94,\"caption\":\"La Maison\"},\"image\":{\"@id\":\"https:\/\/la-maison.net\/#\/schema\/logo\/image\/\"}}]}<\/script>\n<!-- \/ Yoast SEO plugin. -->","yoast_head_json":{"title":"Cocktails -","robots":{"index":"index","follow":"follow","max-snippet":"max-snippet:-1","max-image-preview":"max-image-preview:large","max-video-preview":"max-video-preview:-1"},"canonical":"https:\/\/la-maison.net\/index.php\/nos-cocktails\/","og_locale":"fr_FR","og_type":"article","og_title":"Cocktails -","og_description":"COCKTAILS Nos solutions de cocktails privil\u00e9gient le go\u00fbt des pi\u00e8ces servies et la qualit\u00e9 du service. Nous ne travaillons qu'avec des produits frais, favorisons les fili\u00e8res locales et respectueuses de l'environnement et pratiquons le tri s\u00e9lectif. Nous nous limitons \u00e0 des cocktails inf\u00e9rieurs \u00e0 200 participants. Quelques id\u00e9es : Velout\u00e9 de champignons \u00e0 la truffe, [&hellip;]","og_url":"https:\/\/la-maison.net\/index.php\/nos-cocktails\/","article_modified_time":"2025-01-21T16:52:48+00:00","twitter_card":"summary_large_image","twitter_misc":{"Dur\u00e9e de lecture estim\u00e9e":"3 minutes"},"schema":{"@context":"https:\/\/schema.org","@graph":[{"@type":"WebPage","@id":"https:\/\/la-maison.net\/index.php\/nos-cocktails\/","url":"https:\/\/la-maison.net\/index.php\/nos-cocktails\/","name":"Cocktails -","isPartOf":{"@id":"https:\/\/la-maison.net\/#website"},"datePublished":"2024-11-12T08:30:00+00:00","dateModified":"2025-01-21T16:52:48+00:00","breadcrumb":{"@id":"https:\/\/la-maison.net\/index.php\/nos-cocktails\/#breadcrumb"},"inLanguage":"fr-FR","potentialAction":[{"@type":"ReadAction","target":["https:\/\/la-maison.net\/index.php\/nos-cocktails\/"]}]},{"@type":"BreadcrumbList","@id":"https:\/\/la-maison.net\/index.php\/nos-cocktails\/#breadcrumb","itemListElement":[{"@type":"ListItem","position":1,"name":"Accueil","item":"https:\/\/la-maison.net\/"},{"@type":"ListItem","position":2,"name":"Cocktails"}]},{"@type":"WebSite","@id":"https:\/\/la-maison.net\/#website","url":"https:\/\/la-maison.net\/","name":"la-maison.net","description":"","publisher":{"@id":"https:\/\/la-maison.net\/#organization"},"potentialAction":[{"@type":"SearchAction","target":{"@type":"EntryPoint","urlTemplate":"https:\/\/la-maison.net\/?s={search_term_string}"},"query-input":{"@type":"PropertyValueSpecification","valueRequired":true,"valueName":"search_term_string"}}],"inLanguage":"fr-FR"},{"@type":"Organization","@id":"https:\/\/la-maison.net\/#organization","name":"La Maison","url":"https:\/\/la-maison.net\/","logo":{"@type":"ImageObject","inLanguage":"fr-FR","@id":"https:\/\/la-maison.net\/#\/schema\/logo\/image\/","url":"https:\/\/la-maison.net\/wp-content\/uploads\/2018\/12\/cropped-logo-2019-e1580116215100.jpg","contentUrl":"https:\/\/la-maison.net\/wp-content\/uploads\/2018\/12\/cropped-logo-2019-e1580116215100.jpg","width":384,"height":94,"caption":"La Maison"},"image":{"@id":"https:\/\/la-maison.net\/#\/schema\/logo\/image\/"}}]}},"_links":{"self":[{"href":"https:\/\/la-maison.net\/index.php\/wp-json\/wp\/v2\/pages\/5490"}],"collection":[{"href":"https:\/\/la-maison.net\/index.php\/wp-json\/wp\/v2\/pages"}],"about":[{"href":"https:\/\/la-maison.net\/index.php\/wp-json\/wp\/v2\/types\/page"}],"author":[{"embeddable":true,"href":"https:\/\/la-maison.net\/index.php\/wp-json\/wp\/v2\/users\/1"}],"replies":[{"embeddable":true,"href":"https:\/\/la-maison.net\/index.php\/wp-json\/wp\/v2\/comments?post=5490"}],"version-history":[{"count":11,"href":"https:\/\/la-maison.net\/index.php\/wp-json\/wp\/v2\/pages\/5490\/revisions"}],"predecessor-version":[{"id":5504,"href":"https:\/\/la-maison.net\/index.php\/wp-json\/wp\/v2\/pages\/5490\/revisions\/5504"}],"wp:attachment":[{"href":"https:\/\/la-maison.net\/index.php\/wp-json\/wp\/v2\/media?parent=5490"}],"curies":[{"name":"wp","href":"https:\/\/api.w.org\/{rel}","templated":true}]}}