{"id":5458,"date":"2024-10-23T16:15:33","date_gmt":"2024-10-23T15:15:33","guid":{"rendered":"https:\/\/la-maison.net\/index.php\/contact\/"},"modified":"2024-10-23T16:40:54","modified_gmt":"2024-10-23T15:40:54","slug":"contact","status":"publish","type":"page","link":"https:\/\/la-maison.net\/index.php\/contact\/","title":{"rendered":"MENTIONS L\u00c9GALES"},"content":{"rendered":"<div id=\"pl-5458\"  class=\"panel-layout\" ><div id=\"pg-5458-0\"  class=\"panel-grid panel-no-style\" ><div id=\"pgc-5458-0-0\"  class=\"panel-grid-cell\" ><div id=\"panel-5458-0-0-0\" class=\"so-panel widget widget_sow-headline panel-first-child panel-last-child\" data-index=\"0\" ><div id=\"anime\" class=\"panel-widget-style panel-widget-style-for-5458-0-0-0\" ><div\n\t\t\t\n\t\t\tclass=\"so-widget-sow-headline so-widget-sow-headline-default-df18721c4b07-5458\"\n\t\t\t\n\t\t><div class=\"sow-headline-container \">\n\t\t\t\t\t\t\t<h2 class=\"sow-headline\">\n\t\t\t\t\t\tMENTIONS L\u00c9GALES\t\t\t\t\t\t<\/h2>\n\t\t\t\t\t\t\t\t\t\t\t<div class=\"decoration\">\n\t\t\t\t\t\t<div class=\"decoration-inside\"><\/div>\n\t\t\t\t\t<\/div>\n\t\t\t\t\t<\/div>\n<\/div><\/div><\/div><\/div><\/div><div id=\"pg-5458-1\"  class=\"panel-grid panel-no-style\" ><div id=\"pgc-5458-1-0\"  class=\"panel-grid-cell\" ><div id=\"panel-5458-1-0-0\" class=\"so-panel widget widget_sow-editor panel-first-child panel-last-child\" data-index=\"1\" ><div class=\"so-rounded panel-widget-style panel-widget-style-for-5458-1-0-0\" ><div\n\t\t\t\n\t\t\tclass=\"so-widget-sow-editor so-widget-sow-editor-base\"\n\t\t\t\n\t\t>\n<div class=\"siteorigin-widget-tinymce textwidget\">\n\t<p><strong><span class=\"so-premium-web-font\" style=\"font-family: 'Plus Jakarta Sans';\" data-web-font-module=\"google\" data-font-info=\"{&quot;font&quot;:&quot;Plus Jakarta Sans&quot;,&quot;webfont&quot;:true,&quot;variant&quot;:&quot;regular&quot;,&quot;module&quot;:&quot;google&quot;}\">\u00c9diteur du site :<\/span><\/strong><\/p>\n<p><span class=\"so-premium-web-font\" style=\"font-family: 'Plus Jakarta Sans';\" data-web-font-module=\"google\" data-font-info=\"{&quot;font&quot;:&quot;Plus Jakarta Sans&quot;,&quot;webfont&quot;:true,&quot;variant&quot;:&quot;regular&quot;,&quot;module&quot;:&quot;google&quot;}\">M2W SARL<\/span><br \/>\n<span class=\"so-premium-web-font\" style=\"font-family: 'Plus Jakarta Sans';\" data-web-font-module=\"google\" data-font-info=\"{&quot;font&quot;:&quot;Plus Jakarta Sans&quot;,&quot;webfont&quot;:true,&quot;variant&quot;:&quot;regular&quot;,&quot;module&quot;:&quot;google&quot;}\">Si\u00e8ge social : 16 rue de Naples 75008 Paris<\/span><br \/>\n<span class=\"so-premium-web-font\" style=\"font-family: 'Plus Jakarta Sans';\" data-web-font-module=\"google\" data-font-info=\"{&quot;font&quot;:&quot;Plus Jakarta Sans&quot;,&quot;webfont&quot;:true,&quot;variant&quot;:&quot;regular&quot;,&quot;module&quot;:&quot;google&quot;}\">Num\u00e9ro d'inscription au RCS : 799 943 121<\/span><br \/>\n<span class=\"so-premium-web-font\" style=\"font-family: 'Plus Jakarta Sans';\" data-web-font-module=\"google\" data-font-info=\"{&quot;font&quot;:&quot;Plus Jakarta Sans&quot;,&quot;webfont&quot;:true,&quot;variant&quot;:&quot;regular&quot;,&quot;module&quot;:&quot;google&quot;}\">Directeur de la publication :Christophe Hauser<\/span><br \/>\n<span class=\"so-premium-web-font\" style=\"font-family: 'Plus Jakarta Sans';\" data-web-font-module=\"google\" data-font-info=\"{&quot;font&quot;:&quot;Plus Jakarta Sans&quot;,&quot;webfont&quot;:true,&quot;variant&quot;:&quot;regular&quot;,&quot;module&quot;:&quot;google&quot;}\">Contact : contact@la-maison.net<\/span><br \/>\n<span class=\"so-premium-web-font\" style=\"font-family: 'Plus Jakarta Sans';\" data-web-font-module=\"google\" data-font-info=\"{&quot;font&quot;:&quot;Plus Jakarta Sans&quot;,&quot;webfont&quot;:true,&quot;variant&quot;:&quot;regular&quot;,&quot;module&quot;:&quot;google&quot;}\">H\u00e9bergeur du site : OVH France<\/span><br \/>\n<span class=\"so-premium-web-font\" style=\"font-family: 'Plus Jakarta Sans';\" data-web-font-module=\"google\" data-font-info=\"{&quot;font&quot;:&quot;Plus Jakarta Sans&quot;,&quot;webfont&quot;:true,&quot;variant&quot;:&quot;regular&quot;,&quot;module&quot;:&quot;google&quot;}\">Contact : OVH.com<\/span><\/p>\n<p><strong><span class=\"so-premium-web-font\" style=\"font-family: 'Plus Jakarta Sans';\" data-web-font-module=\"google\" data-font-info=\"{&quot;font&quot;:&quot;Plus Jakarta Sans&quot;,&quot;webfont&quot;:true,&quot;variant&quot;:&quot;regular&quot;,&quot;module&quot;:&quot;google&quot;}\">Propri\u00e9t\u00e9 intellectuelle :<\/span><\/strong><\/p>\n<p><span class=\"so-premium-web-font\" style=\"font-family: 'Plus Jakarta Sans';\" data-web-font-module=\"google\" data-font-info=\"{&quot;font&quot;:&quot;Plus Jakarta Sans&quot;,&quot;webfont&quot;:true,&quot;variant&quot;:&quot;regular&quot;,&quot;module&quot;:&quot;google&quot;}\">Le contenu du site la-maison.net (textes, images, vid\u00e9os, etc.) est la propri\u00e9t\u00e9 exclusive de M2W ou de ses partenaires et est prot\u00e9g\u00e9 par le droit d\u2019auteur. Toute reproduction, distribution, modification ou utilisation de ces contenus sans autorisation pr\u00e9alable est interdite.<\/span><\/p>\n<p><strong><span class=\"so-premium-web-font\" style=\"font-family: 'Plus Jakarta Sans';\" data-web-font-module=\"google\" data-font-info=\"{&quot;font&quot;:&quot;Plus Jakarta Sans&quot;,&quot;webfont&quot;:true,&quot;variant&quot;:&quot;regular&quot;,&quot;module&quot;:&quot;google&quot;}\">Donn\u00e9es personnelles :<\/span><\/strong><\/p>\n<p><span class=\"so-premium-web-font\" style=\"font-family: 'Plus Jakarta Sans';\" data-web-font-module=\"google\" data-font-info=\"{&quot;font&quot;:&quot;Plus Jakarta Sans&quot;,&quot;webfont&quot;:true,&quot;variant&quot;:&quot;regular&quot;,&quot;module&quot;:&quot;google&quot;}\">Conform\u00e9ment au R\u00e8glement G\u00e9n\u00e9ral sur la Protection des Donn\u00e9es (RGPD) et \u00e0 la loi Informatique et Libert\u00e9s, vous avez le droit d\u2019acc\u00e8s, de rectification et de suppression de vos donn\u00e9es personnelles. Pour exercer ces droits, vous pouvez contacter M2W \u00e0 l\u2019adresse suivante : contact@la-maison.net<\/span><\/p>\n<p><strong><span class=\"so-premium-web-font\" style=\"font-family: 'Plus Jakarta Sans';\" data-web-font-module=\"google\" data-font-info=\"{&quot;font&quot;:&quot;Plus Jakarta Sans&quot;,&quot;webfont&quot;:true,&quot;variant&quot;:&quot;regular&quot;,&quot;module&quot;:&quot;google&quot;}\">Responsabilit\u00e9 :<\/span><\/strong><\/p>\n<p><span class=\"so-premium-web-font\" style=\"font-family: 'Plus Jakarta Sans';\" data-web-font-module=\"google\" data-font-info=\"{&quot;font&quot;:&quot;Plus Jakarta Sans&quot;,&quot;webfont&quot;:true,&quot;variant&quot;:&quot;regular&quot;,&quot;module&quot;:&quot;google&quot;}\">L\u2019\u00e9diteur du site s\u2019efforce de fournir des informations exactes et \u00e0 jour, mais ne peut \u00eatre tenu responsable des erreurs, omissions ou \u00e9ventuelles interruptions du site. M2W \u00a0d\u00e9cline toute responsabilit\u00e9 en cas d'utilisation inappropri\u00e9e des informations pr\u00e9sent\u00e9es sur le site.<\/span><\/p>\n<\/div>\n<\/div><\/div><\/div><\/div><div id=\"pgc-5458-1-1\"  class=\"panel-grid-cell panel-grid-cell-mobile-last\" ><div id=\"panel-5458-1-1-0\" class=\"so-panel widget widget_sow-editor panel-first-child panel-last-child\" data-index=\"2\" ><div class=\"so-rounded panel-widget-style panel-widget-style-for-5458-1-1-0\" ><div\n\t\t\t\n\t\t\tclass=\"so-widget-sow-editor so-widget-sow-editor-base\"\n\t\t\t\n\t\t>\n<div class=\"siteorigin-widget-tinymce textwidget\">\n\t<p style=\"text-align: left;\"><span class=\"so-premium-web-font\" style=\"font-family: 'Plus Jakarta Sans'; font-weight: bold; font-style: normal;\" data-web-font-module=\"google\" data-font-info=\"{&quot;font&quot;:&quot;Plus Jakarta Sans&quot;,&quot;webfont&quot;:true,&quot;variant&quot;:&quot;700&quot;,&quot;module&quot;:&quot;google&quot;}\">Images<\/span><br \/>\n<span class=\"so-premium-web-font\" style=\"font-family: 'Plus Jakarta Sans';\" data-web-font-module=\"google\" data-font-info=\"{&quot;font&quot;:&quot;Plus Jakarta Sans&quot;,&quot;webfont&quot;:true,&quot;variant&quot;:&quot;regular&quot;,&quot;module&quot;:&quot;google&quot;}\">@la-maison.net<\/span><br \/>\n<span class=\"so-premium-web-font\" style=\"font-family: 'Plus Jakarta Sans';\" data-web-font-module=\"google\" data-font-info=\"{&quot;font&quot;:&quot;Plus Jakarta Sans&quot;,&quot;webfont&quot;:true,&quot;variant&quot;:&quot;regular&quot;,&quot;module&quot;:&quot;google&quot;}\">et aussi :<\/span><br \/>\n<span class=\"so-premium-web-font\" style=\"font-family: 'Plus Jakarta Sans';\" data-web-font-module=\"google\" data-font-info=\"{&quot;font&quot;:&quot;Plus Jakarta Sans&quot;,&quot;webfont&quot;:true,&quot;variant&quot;:&quot;regular&quot;,&quot;module&quot;:&quot;google&quot;}\">Dirk Wohlrabe de Pixabay<\/span><br \/>\n<span class=\"so-premium-web-font\" style=\"font-family: 'Plus Jakarta Sans';\" data-web-font-module=\"google\" data-font-info=\"{&quot;font&quot;:&quot;Plus Jakarta Sans&quot;,&quot;webfont&quot;:true,&quot;variant&quot;:&quot;regular&quot;,&quot;module&quot;:&quot;google&quot;}\">Image par Elle Katie de Pixabay<\/span><br \/>\n<span class=\"so-premium-web-font\" style=\"font-family: 'Plus Jakarta Sans';\" data-web-font-module=\"google\" data-font-info=\"{&quot;font&quot;:&quot;Plus Jakarta Sans&quot;,&quot;webfont&quot;:true,&quot;variant&quot;:&quot;regular&quot;,&quot;module&quot;:&quot;google&quot;}\">Image par pau_noia0 de Pixabay<\/span><br \/>\n<span class=\"so-premium-web-font\" style=\"font-family: 'Plus Jakarta Sans';\" data-web-font-module=\"google\" data-font-info=\"{&quot;font&quot;:&quot;Plus Jakarta Sans&quot;,&quot;webfont&quot;:true,&quot;variant&quot;:&quot;regular&quot;,&quot;module&quot;:&quot;google&quot;}\">Image par g3gg0 de Pixabay<\/span><br \/>\n<span class=\"so-premium-web-font\" style=\"font-family: 'Plus Jakarta Sans';\" data-web-font-module=\"google\" data-font-info=\"{&quot;font&quot;:&quot;Plus Jakarta Sans&quot;,&quot;webfont&quot;:true,&quot;variant&quot;:&quot;regular&quot;,&quot;module&quot;:&quot;google&quot;}\">Image par PixelAnarchy de Pixabay<\/span><br \/>\n<span class=\"so-premium-web-font\" style=\"font-family: 'Plus Jakarta Sans';\" data-web-font-module=\"google\" data-font-info=\"{&quot;font&quot;:&quot;Plus Jakarta Sans&quot;,&quot;webfont&quot;:true,&quot;variant&quot;:&quot;regular&quot;,&quot;module&quot;:&quot;google&quot;}\">Image par Lori Lo de Pixabay<\/span><br \/>\n<span class=\"so-premium-web-font\" style=\"font-family: 'Plus Jakarta Sans';\" data-web-font-module=\"google\" data-font-info=\"{&quot;font&quot;:&quot;Plus Jakarta Sans&quot;,&quot;webfont&quot;:true,&quot;variant&quot;:&quot;regular&quot;,&quot;module&quot;:&quot;google&quot;}\">Image par Ri Butov de Pixabay<\/span><br \/>\n<span class=\"so-premium-web-font\" style=\"font-family: 'Plus Jakarta Sans';\" data-web-font-module=\"google\" data-font-info=\"{&quot;font&quot;:&quot;Plus Jakarta Sans&quot;,&quot;webfont&quot;:true,&quot;variant&quot;:&quot;regular&quot;,&quot;module&quot;:&quot;google&quot;}\">Image par Lisa Yount de Pixabay<\/span><br \/>\n<span class=\"so-premium-web-font\" style=\"font-family: 'Plus Jakarta Sans';\" data-web-font-module=\"google\" data-font-info=\"{&quot;font&quot;:&quot;Plus Jakarta Sans&quot;,&quot;webfont&quot;:true,&quot;variant&quot;:&quot;regular&quot;,&quot;module&quot;:&quot;google&quot;}\">mage par naruto1909 de Pixabay<\/span><br \/>\n<span class=\"so-premium-web-font\" style=\"font-family: 'Plus Jakarta Sans';\" data-web-font-module=\"google\" data-font-info=\"{&quot;font&quot;:&quot;Plus Jakarta Sans&quot;,&quot;webfont&quot;:true,&quot;variant&quot;:&quot;regular&quot;,&quot;module&quot;:&quot;google&quot;}\">Image par Ivana Tom\u00e1\u0161kov\u00e1 de Pixabay<\/span><br \/>\n<span class=\"so-premium-web-font\" style=\"font-family: 'Plus Jakarta Sans';\" data-web-font-module=\"google\" data-font-info=\"{&quot;font&quot;:&quot;Plus Jakarta Sans&quot;,&quot;webfont&quot;:true,&quot;variant&quot;:&quot;regular&quot;,&quot;module&quot;:&quot;google&quot;}\">Photo de Anthony Leong:<\/span><br \/>\n<span class=\"so-premium-web-font\" style=\"font-family: 'Plus Jakarta Sans';\" data-web-font-module=\"google\" data-font-info=\"{&quot;font&quot;:&quot;Plus Jakarta Sans&quot;,&quot;webfont&quot;:true,&quot;variant&quot;:&quot;regular&quot;,&quot;module&quot;:&quot;google&quot;}\">Photo de Studio Naae<\/span><br \/>\n<span class=\"so-premium-web-font\" style=\"font-family: 'Plus Jakarta Sans';\" data-web-font-module=\"google\" data-font-info=\"{&quot;font&quot;:&quot;Plus Jakarta Sans&quot;,&quot;webfont&quot;:true,&quot;variant&quot;:&quot;regular&quot;,&quot;module&quot;:&quot;google&quot;}\">Photo de Se\u00f1oreyto Antoni<\/span><br \/>\n<span class=\"so-premium-web-font\" style=\"font-family: 'Plus Jakarta Sans';\" data-web-font-module=\"google\" data-font-info=\"{&quot;font&quot;:&quot;Plus Jakarta Sans&quot;,&quot;webfont&quot;:true,&quot;variant&quot;:&quot;regular&quot;,&quot;module&quot;:&quot;google&quot;}\">Image par Kawita Chitprathak de Pixabay<\/span><br \/>\n<span class=\"so-premium-web-font\" style=\"font-family: 'Plus Jakarta Sans';\" data-web-font-module=\"google\" data-font-info=\"{&quot;font&quot;:&quot;Plus Jakarta Sans&quot;,&quot;webfont&quot;:true,&quot;variant&quot;:&quot;regular&quot;,&quot;module&quot;:&quot;google&quot;}\">Image par Anja de Pixabay<\/span><br \/>\n<span class=\"so-premium-web-font\" style=\"font-family: 'Plus Jakarta Sans';\" data-web-font-module=\"google\" data-font-info=\"{&quot;font&quot;:&quot;Plus Jakarta Sans&quot;,&quot;webfont&quot;:true,&quot;variant&quot;:&quot;regular&quot;,&quot;module&quot;:&quot;google&quot;}\">Image par PublicDomainPictures de Pixabay<\/span><\/p>\n<\/div>\n<\/div><\/div><\/div><\/div><div id=\"pgc-5458-1-2\"  class=\"panel-grid-cell panel-grid-cell-empty\" ><\/div><\/div><\/div>","protected":false},"excerpt":{"rendered":"<p>\u00c9diteur du site : M2W SARL Si\u00e8ge social : 16 rue de Naples 75008 Paris Num\u00e9ro d&rsquo;inscription au RCS : 799 943 121 Directeur de la publication :Christophe Hauser Contact : contact@la-maison.net H\u00e9bergeur du site : OVH France Contact : OVH.com Propri\u00e9t\u00e9 intellectuelle : Le contenu du site la-maison.net (textes, images, vid\u00e9os, etc.) est la [&hellip;]<\/p>\n","protected":false},"author":1,"featured_media":0,"parent":0,"menu_order":0,"comment_status":"closed","ping_status":"closed","template":"","meta":{"footnotes":""},"class_list":["post-5458","page","type-page","status-publish","hentry","blog-blocks-layout","blog-style-imgblock","","blog-alt-odd"],"yoast_head":"<!-- This site is optimized with the Yoast SEO plugin v24.1 - https:\/\/yoast.com\/wordpress\/plugins\/seo\/ -->\n<title>MENTIONS L\u00c9GALES -<\/title>\n<meta name=\"robots\" content=\"index, follow, max-snippet:-1, max-image-preview:large, max-video-preview:-1\" \/>\n<link rel=\"canonical\" href=\"https:\/\/la-maison.net\/index.php\/contact\/\" \/>\n<meta property=\"og:locale\" content=\"fr_FR\" \/>\n<meta property=\"og:type\" content=\"article\" \/>\n<meta property=\"og:title\" content=\"MENTIONS L\u00c9GALES -\" \/>\n<meta property=\"og:description\" content=\"\u00c9diteur du site : M2W SARL Si\u00e8ge social : 16 rue de Naples 75008 Paris Num\u00e9ro d&#039;inscription au RCS : 799 943 121 Directeur de la publication :Christophe Hauser Contact : contact@la-maison.net H\u00e9bergeur du site : OVH France Contact : OVH.com Propri\u00e9t\u00e9 intellectuelle : Le contenu du site la-maison.net (textes, images, vid\u00e9os, etc.) est la [&hellip;]\" \/>\n<meta property=\"og:url\" content=\"https:\/\/la-maison.net\/index.php\/contact\/\" \/>\n<meta property=\"article:modified_time\" content=\"2024-10-23T15:40:54+00:00\" \/>\n<meta name=\"twitter:card\" content=\"summary_large_image\" \/>\n<meta name=\"twitter:label1\" content=\"Dur\u00e9e de lecture estim\u00e9e\" \/>\n\t<meta name=\"twitter:data1\" content=\"2 minutes\" \/>\n<script type=\"application\/ld+json\" class=\"yoast-schema-graph\">{\"@context\":\"https:\/\/schema.org\",\"@graph\":[{\"@type\":\"WebPage\",\"@id\":\"https:\/\/la-maison.net\/index.php\/contact\/\",\"url\":\"https:\/\/la-maison.net\/index.php\/contact\/\",\"name\":\"MENTIONS L\u00c9GALES -\",\"isPartOf\":{\"@id\":\"https:\/\/la-maison.net\/#website\"},\"datePublished\":\"2024-10-23T15:15:33+00:00\",\"dateModified\":\"2024-10-23T15:40:54+00:00\",\"breadcrumb\":{\"@id\":\"https:\/\/la-maison.net\/index.php\/contact\/#breadcrumb\"},\"inLanguage\":\"fr-FR\",\"potentialAction\":[{\"@type\":\"ReadAction\",\"target\":[\"https:\/\/la-maison.net\/index.php\/contact\/\"]}]},{\"@type\":\"BreadcrumbList\",\"@id\":\"https:\/\/la-maison.net\/index.php\/contact\/#breadcrumb\",\"itemListElement\":[{\"@type\":\"ListItem\",\"position\":1,\"name\":\"Accueil\",\"item\":\"https:\/\/la-maison.net\/\"},{\"@type\":\"ListItem\",\"position\":2,\"name\":\"MENTIONS L\u00c9GALES\"}]},{\"@type\":\"WebSite\",\"@id\":\"https:\/\/la-maison.net\/#website\",\"url\":\"https:\/\/la-maison.net\/\",\"name\":\"la-maison.net\",\"description\":\"\",\"publisher\":{\"@id\":\"https:\/\/la-maison.net\/#organization\"},\"potentialAction\":[{\"@type\":\"SearchAction\",\"target\":{\"@type\":\"EntryPoint\",\"urlTemplate\":\"https:\/\/la-maison.net\/?s={search_term_string}\"},\"query-input\":{\"@type\":\"PropertyValueSpecification\",\"valueRequired\":true,\"valueName\":\"search_term_string\"}}],\"inLanguage\":\"fr-FR\"},{\"@type\":\"Organization\",\"@id\":\"https:\/\/la-maison.net\/#organization\",\"name\":\"La Maison\",\"url\":\"https:\/\/la-maison.net\/\",\"logo\":{\"@type\":\"ImageObject\",\"inLanguage\":\"fr-FR\",\"@id\":\"https:\/\/la-maison.net\/#\/schema\/logo\/image\/\",\"url\":\"https:\/\/la-maison.net\/wp-content\/uploads\/2018\/12\/cropped-logo-2019-e1580116215100.jpg\",\"contentUrl\":\"https:\/\/la-maison.net\/wp-content\/uploads\/2018\/12\/cropped-logo-2019-e1580116215100.jpg\",\"width\":384,\"height\":94,\"caption\":\"La Maison\"},\"image\":{\"@id\":\"https:\/\/la-maison.net\/#\/schema\/logo\/image\/\"}}]}<\/script>\n<!-- \/ Yoast SEO plugin. -->","yoast_head_json":{"title":"MENTIONS L\u00c9GALES -","robots":{"index":"index","follow":"follow","max-snippet":"max-snippet:-1","max-image-preview":"max-image-preview:large","max-video-preview":"max-video-preview:-1"},"canonical":"https:\/\/la-maison.net\/index.php\/contact\/","og_locale":"fr_FR","og_type":"article","og_title":"MENTIONS L\u00c9GALES -","og_description":"\u00c9diteur du site : M2W SARL Si\u00e8ge social : 16 rue de Naples 75008 Paris Num\u00e9ro d'inscription au RCS : 799 943 121 Directeur de la publication :Christophe Hauser Contact : contact@la-maison.net H\u00e9bergeur du site : OVH France Contact : OVH.com Propri\u00e9t\u00e9 intellectuelle : Le contenu du site la-maison.net (textes, images, vid\u00e9os, etc.) est la [&hellip;]","og_url":"https:\/\/la-maison.net\/index.php\/contact\/","article_modified_time":"2024-10-23T15:40:54+00:00","twitter_card":"summary_large_image","twitter_misc":{"Dur\u00e9e de lecture estim\u00e9e":"2 minutes"},"schema":{"@context":"https:\/\/schema.org","@graph":[{"@type":"WebPage","@id":"https:\/\/la-maison.net\/index.php\/contact\/","url":"https:\/\/la-maison.net\/index.php\/contact\/","name":"MENTIONS L\u00c9GALES -","isPartOf":{"@id":"https:\/\/la-maison.net\/#website"},"datePublished":"2024-10-23T15:15:33+00:00","dateModified":"2024-10-23T15:40:54+00:00","breadcrumb":{"@id":"https:\/\/la-maison.net\/index.php\/contact\/#breadcrumb"},"inLanguage":"fr-FR","potentialAction":[{"@type":"ReadAction","target":["https:\/\/la-maison.net\/index.php\/contact\/"]}]},{"@type":"BreadcrumbList","@id":"https:\/\/la-maison.net\/index.php\/contact\/#breadcrumb","itemListElement":[{"@type":"ListItem","position":1,"name":"Accueil","item":"https:\/\/la-maison.net\/"},{"@type":"ListItem","position":2,"name":"MENTIONS L\u00c9GALES"}]},{"@type":"WebSite","@id":"https:\/\/la-maison.net\/#website","url":"https:\/\/la-maison.net\/","name":"la-maison.net","description":"","publisher":{"@id":"https:\/\/la-maison.net\/#organization"},"potentialAction":[{"@type":"SearchAction","target":{"@type":"EntryPoint","urlTemplate":"https:\/\/la-maison.net\/?s={search_term_string}"},"query-input":{"@type":"PropertyValueSpecification","valueRequired":true,"valueName":"search_term_string"}}],"inLanguage":"fr-FR"},{"@type":"Organization","@id":"https:\/\/la-maison.net\/#organization","name":"La Maison","url":"https:\/\/la-maison.net\/","logo":{"@type":"ImageObject","inLanguage":"fr-FR","@id":"https:\/\/la-maison.net\/#\/schema\/logo\/image\/","url":"https:\/\/la-maison.net\/wp-content\/uploads\/2018\/12\/cropped-logo-2019-e1580116215100.jpg","contentUrl":"https:\/\/la-maison.net\/wp-content\/uploads\/2018\/12\/cropped-logo-2019-e1580116215100.jpg","width":384,"height":94,"caption":"La Maison"},"image":{"@id":"https:\/\/la-maison.net\/#\/schema\/logo\/image\/"}}]}},"_links":{"self":[{"href":"https:\/\/la-maison.net\/index.php\/wp-json\/wp\/v2\/pages\/5458"}],"collection":[{"href":"https:\/\/la-maison.net\/index.php\/wp-json\/wp\/v2\/pages"}],"about":[{"href":"https:\/\/la-maison.net\/index.php\/wp-json\/wp\/v2\/types\/page"}],"author":[{"embeddable":true,"href":"https:\/\/la-maison.net\/index.php\/wp-json\/wp\/v2\/users\/1"}],"replies":[{"embeddable":true,"href":"https:\/\/la-maison.net\/index.php\/wp-json\/wp\/v2\/comments?post=5458"}],"version-history":[{"count":8,"href":"https:\/\/la-maison.net\/index.php\/wp-json\/wp\/v2\/pages\/5458\/revisions"}],"predecessor-version":[{"id":5467,"href":"https:\/\/la-maison.net\/index.php\/wp-json\/wp\/v2\/pages\/5458\/revisions\/5467"}],"wp:attachment":[{"href":"https:\/\/la-maison.net\/index.php\/wp-json\/wp\/v2\/media?parent=5458"}],"curies":[{"name":"wp","href":"https:\/\/api.w.org\/{rel}","templated":true}]}}