{"id":2196,"date":"2018-06-05T19:29:01","date_gmt":"2018-06-05T18:29:01","guid":{"rendered":"http:\/\/la-maison.net\/?page_id=2196"},"modified":"2024-10-21T11:23:25","modified_gmt":"2024-10-21T10:23:25","slug":"consommez-moderation-protection-donnees","status":"publish","type":"page","link":"https:\/\/la-maison.net\/index.php\/consommez-moderation-protection-donnees\/","title":{"rendered":"Consommez avec mod\u00e9ration"},"content":{"rendered":"<div id=\"pl-gb2196-69e99d7660fdd\"  class=\"panel-layout\" ><div id=\"pg-gb2196-69e99d7660fdd-0\"  class=\"panel-grid panel-no-style\" ><div id=\"pgc-gb2196-69e99d7660fdd-0-0\"  class=\"panel-grid-cell\" ><div id=\"panel-gb2196-69e99d7660fdd-0-0-0\" class=\"so-panel widget widget_sow-headline panel-first-child panel-last-child\" data-index=\"0\" ><div\n\t\t\t\n\t\t\tclass=\"so-widget-sow-headline so-widget-sow-headline-default-7b28e68ff25e-2196\"\n\t\t\t\n\t\t><div class=\"sow-headline-container \">\n\t\t\t\t\t\t\t<h2 class=\"sow-headline\">\n\t\t\t\t\t\tConsommez avec mod\u00e9ration, savourez avec passion !\t\t\t\t\t\t<\/h2>\n\t\t\t\t\t\t\t\t\t\t\t<div class=\"decoration\">\n\t\t\t\t\t\t<div class=\"decoration-inside\"><\/div>\n\t\t\t\t\t<\/div>\n\t\t\t\t\t<\/div>\n<\/div><\/div><\/div><\/div><div id=\"pg-gb2196-69e99d7660fdd-1\"  class=\"panel-grid panel-no-style\" ><div id=\"pgc-gb2196-69e99d7660fdd-1-0\"  class=\"panel-grid-cell\" ><div id=\"panel-gb2196-69e99d7660fdd-1-0-0\" class=\"so-panel widget widget_sow-hero panel-first-child\" data-index=\"1\" ><div\n\t\t\t\n\t\t\tclass=\"so-widget-sow-hero so-widget-sow-hero-default-601b20039796-2196 so-widget-fittext-wrapper\"\n\t\t\t data-fit-text-compressor=\"0.85\"\n\t\t>\t\t\t\t<div class=\"sow-slider-base\" style=\"display: none\" tabindex=\"0\">\n\t\t\t\t\t<ul\n\t\t\t\t\tclass=\"sow-slider-images\"\n\t\t\t\t\tdata-settings=\"{&quot;pagination&quot;:true,&quot;speed&quot;:400,&quot;timeout&quot;:8000,&quot;paused&quot;:false,&quot;pause_on_hover&quot;:false,&quot;swipe&quot;:true,&quot;nav_always_show_desktop&quot;:&quot;&quot;,&quot;nav_always_show_mobile&quot;:&quot;&quot;,&quot;breakpoint&quot;:&quot;780px&quot;,&quot;unmute&quot;:false,&quot;anchor&quot;:null}\"\n\t\t\t\t\tstyle=\"min-height: 500px\"\t\t\t\t\tdata-anchor-id=\"\"\n\t\t\t\t>\t\t<li class=\"sow-slider-image  sow-slider-image-cover\" style=\"visibility: visible;;background-color: #333333;background-image: url(https:\/\/la-maison.net\/wp-content\/uploads\/2024\/10\/pexels-polina-kovaleva-7282887-scaled.jpg)\" >\n\t\t\t\t\t<div class=\"sow-slider-image-container\">\n\t\t\t<div class=\"sow-slider-image-wrapper\">\n\t\t\t\t\t\t\t<\/div>\n\t\t<\/div>\n\t\t\t\t<\/li>\n\t\t<\/ul>\t\t\t\t<ol class=\"sow-slider-pagination\">\n\t\t\t\t\t\t\t\t\t\t\t<li><a href=\"#\" data-goto=\"0\" aria-label=\"Display slide 1\"><\/a><\/li>\n\t\t\t\t\t\t\t\t\t<\/ol>\n\n\t\t\t\t<div class=\"sow-slide-nav sow-slide-nav-next\">\n\t\t\t\t\t<a href=\"#\" data-goto=\"next\" aria-label=\"Next slide\" data-action=\"next\">\n\t\t\t\t\t\t<em class=\"sow-sld-icon-thin-right\"><\/em>\n\t\t\t\t\t<\/a>\n\t\t\t\t<\/div>\n\n\t\t\t\t<div class=\"sow-slide-nav sow-slide-nav-prev\">\n\t\t\t\t\t<a href=\"#\" data-goto=\"previous\" aria-label=\"Previous slide\" data-action=\"prev\">\n\t\t\t\t\t\t<em class=\"sow-sld-icon-thin-left\"><\/em>\n\t\t\t\t\t<\/a>\n\t\t\t\t<\/div>\n\t\t\t\t<\/div><\/div><\/div><div id=\"panel-gb2196-69e99d7660fdd-1-0-1\" class=\"so-panel widget widget_sow-editor panel-last-child\" data-index=\"2\" ><div\n\t\t\t\n\t\t\tclass=\"so-widget-sow-editor so-widget-sow-editor-base\"\n\t\t\t\n\t\t>\n<div class=\"siteorigin-widget-tinymce textwidget\">\n\t<h2><span class=\"so-premium-web-font\" style=\"font-family: 'Plus Jakarta Sans'; font-weight: 200; font-style: normal;\" data-web-font-module=\"google\" data-font-info=\"{&quot;font&quot;:&quot;Plus Jakarta Sans&quot;,&quot;webfont&quot;:true,&quot;variant&quot;:&quot;200&quot;,&quot;module&quot;:&quot;google&quot;}\">Dans un monde o\u00f9 tout semble se consommer \u00e0 grande vitesse, il est parfois bon de se rappeler que la mod\u00e9ration est la cl\u00e9 pour profiter pleinement de chaque instant.<\/p>\n<p>Que ce soit un verre entre amis, un repas copieux ou m\u00eame une soir\u00e9e anim\u00e9e, en prendre juste assez permet de savourer sans exc\u00e8s.<\/p>\n<p>Consommer avec mod\u00e9ration, c\u2019est aussi une mani\u00e8re de prendre soin de soi et de ceux qui nous entourent. On se donne ainsi la chance d&rsquo;appr\u00e9cier chaque saveur, chaque moment, avec un peu plus d&rsquo;intensit\u00e9 et beaucoup moins de regrets.<\/p>\n<p>Alors, levons nos verres, mais gardons en t\u00eate : savourer, c\u2019est aussi savoir s\u2019arr\u00eater.<\/p>\n<p>La mod\u00e9ration, c\u2019est la voie vers un plaisir durable et responsable. \u00c0 votre sant\u00e9 !<\/p>\n<p><\/span><\/h2>\n<\/div>\n<\/div><\/div><\/div><\/div><\/div>\n\n\n<p><\/p>\n","protected":false},"excerpt":{"rendered":"<p>Dans un monde o\u00f9 tout semble se consommer \u00e0 grande vitesse, il est parfois bon de se rappeler que la mod\u00e9ration est la cl\u00e9 pour profiter pleinement de chaque instant. Que ce soit un verre entre amis, un repas copieux ou m\u00eame une soir\u00e9e anim\u00e9e, en prendre juste assez permet de savourer sans exc\u00e8s. Consommer [&hellip;]<\/p>\n","protected":false},"author":1,"featured_media":0,"parent":0,"menu_order":0,"comment_status":"closed","ping_status":"closed","template":"","meta":{"footnotes":""},"class_list":["post-2196","page","type-page","status-publish","hentry","blog-blocks-layout","blog-style-imgblock","","blog-alt-odd"],"yoast_head":"<!-- This site is optimized with the Yoast SEO plugin v24.1 - https:\/\/yoast.com\/wordpress\/plugins\/seo\/ -->\n<title>Consommez avec mod\u00e9ration -<\/title>\n<meta name=\"robots\" content=\"index, follow, max-snippet:-1, max-image-preview:large, max-video-preview:-1\" \/>\n<link rel=\"canonical\" href=\"https:\/\/la-maison.net\/index.php\/consommez-moderation-protection-donnees\/\" \/>\n<meta property=\"og:locale\" content=\"fr_FR\" \/>\n<meta property=\"og:type\" content=\"article\" \/>\n<meta property=\"og:title\" content=\"Consommez avec mod\u00e9ration -\" \/>\n<meta property=\"og:description\" content=\"Dans un monde o\u00f9 tout semble se consommer \u00e0 grande vitesse, il est parfois bon de se rappeler que la mod\u00e9ration est la cl\u00e9 pour profiter pleinement de chaque instant. Que ce soit un verre entre amis, un repas copieux ou m\u00eame une soir\u00e9e anim\u00e9e, en prendre juste assez permet de savourer sans exc\u00e8s. Consommer [&hellip;]\" \/>\n<meta property=\"og:url\" content=\"https:\/\/la-maison.net\/index.php\/consommez-moderation-protection-donnees\/\" \/>\n<meta property=\"article:modified_time\" content=\"2024-10-21T10:23:25+00:00\" \/>\n<meta name=\"twitter:card\" content=\"summary_large_image\" \/>\n<meta name=\"twitter:label1\" content=\"Dur\u00e9e de lecture estim\u00e9e\" \/>\n\t<meta name=\"twitter:data1\" content=\"1 minute\" \/>\n<script type=\"application\/ld+json\" class=\"yoast-schema-graph\">{\"@context\":\"https:\/\/schema.org\",\"@graph\":[{\"@type\":\"WebPage\",\"@id\":\"https:\/\/la-maison.net\/index.php\/consommez-moderation-protection-donnees\/\",\"url\":\"https:\/\/la-maison.net\/index.php\/consommez-moderation-protection-donnees\/\",\"name\":\"Consommez avec mod\u00e9ration -\",\"isPartOf\":{\"@id\":\"https:\/\/la-maison.net\/#website\"},\"datePublished\":\"2018-06-05T18:29:01+00:00\",\"dateModified\":\"2024-10-21T10:23:25+00:00\",\"breadcrumb\":{\"@id\":\"https:\/\/la-maison.net\/index.php\/consommez-moderation-protection-donnees\/#breadcrumb\"},\"inLanguage\":\"fr-FR\",\"potentialAction\":[{\"@type\":\"ReadAction\",\"target\":[\"https:\/\/la-maison.net\/index.php\/consommez-moderation-protection-donnees\/\"]}]},{\"@type\":\"BreadcrumbList\",\"@id\":\"https:\/\/la-maison.net\/index.php\/consommez-moderation-protection-donnees\/#breadcrumb\",\"itemListElement\":[{\"@type\":\"ListItem\",\"position\":1,\"name\":\"Accueil\",\"item\":\"https:\/\/la-maison.net\/\"},{\"@type\":\"ListItem\",\"position\":2,\"name\":\"Consommez avec mod\u00e9ration\"}]},{\"@type\":\"WebSite\",\"@id\":\"https:\/\/la-maison.net\/#website\",\"url\":\"https:\/\/la-maison.net\/\",\"name\":\"la-maison.net\",\"description\":\"\",\"publisher\":{\"@id\":\"https:\/\/la-maison.net\/#organization\"},\"potentialAction\":[{\"@type\":\"SearchAction\",\"target\":{\"@type\":\"EntryPoint\",\"urlTemplate\":\"https:\/\/la-maison.net\/?s={search_term_string}\"},\"query-input\":{\"@type\":\"PropertyValueSpecification\",\"valueRequired\":true,\"valueName\":\"search_term_string\"}}],\"inLanguage\":\"fr-FR\"},{\"@type\":\"Organization\",\"@id\":\"https:\/\/la-maison.net\/#organization\",\"name\":\"La Maison\",\"url\":\"https:\/\/la-maison.net\/\",\"logo\":{\"@type\":\"ImageObject\",\"inLanguage\":\"fr-FR\",\"@id\":\"https:\/\/la-maison.net\/#\/schema\/logo\/image\/\",\"url\":\"https:\/\/la-maison.net\/wp-content\/uploads\/2018\/12\/cropped-logo-2019-e1580116215100.jpg\",\"contentUrl\":\"https:\/\/la-maison.net\/wp-content\/uploads\/2018\/12\/cropped-logo-2019-e1580116215100.jpg\",\"width\":384,\"height\":94,\"caption\":\"La Maison\"},\"image\":{\"@id\":\"https:\/\/la-maison.net\/#\/schema\/logo\/image\/\"}}]}<\/script>\n<!-- \/ Yoast SEO plugin. -->","yoast_head_json":{"title":"Consommez avec mod\u00e9ration -","robots":{"index":"index","follow":"follow","max-snippet":"max-snippet:-1","max-image-preview":"max-image-preview:large","max-video-preview":"max-video-preview:-1"},"canonical":"https:\/\/la-maison.net\/index.php\/consommez-moderation-protection-donnees\/","og_locale":"fr_FR","og_type":"article","og_title":"Consommez avec mod\u00e9ration -","og_description":"Dans un monde o\u00f9 tout semble se consommer \u00e0 grande vitesse, il est parfois bon de se rappeler que la mod\u00e9ration est la cl\u00e9 pour profiter pleinement de chaque instant. Que ce soit un verre entre amis, un repas copieux ou m\u00eame une soir\u00e9e anim\u00e9e, en prendre juste assez permet de savourer sans exc\u00e8s. Consommer [&hellip;]","og_url":"https:\/\/la-maison.net\/index.php\/consommez-moderation-protection-donnees\/","article_modified_time":"2024-10-21T10:23:25+00:00","twitter_card":"summary_large_image","twitter_misc":{"Dur\u00e9e de lecture estim\u00e9e":"1 minute"},"schema":{"@context":"https:\/\/schema.org","@graph":[{"@type":"WebPage","@id":"https:\/\/la-maison.net\/index.php\/consommez-moderation-protection-donnees\/","url":"https:\/\/la-maison.net\/index.php\/consommez-moderation-protection-donnees\/","name":"Consommez avec mod\u00e9ration -","isPartOf":{"@id":"https:\/\/la-maison.net\/#website"},"datePublished":"2018-06-05T18:29:01+00:00","dateModified":"2024-10-21T10:23:25+00:00","breadcrumb":{"@id":"https:\/\/la-maison.net\/index.php\/consommez-moderation-protection-donnees\/#breadcrumb"},"inLanguage":"fr-FR","potentialAction":[{"@type":"ReadAction","target":["https:\/\/la-maison.net\/index.php\/consommez-moderation-protection-donnees\/"]}]},{"@type":"BreadcrumbList","@id":"https:\/\/la-maison.net\/index.php\/consommez-moderation-protection-donnees\/#breadcrumb","itemListElement":[{"@type":"ListItem","position":1,"name":"Accueil","item":"https:\/\/la-maison.net\/"},{"@type":"ListItem","position":2,"name":"Consommez avec mod\u00e9ration"}]},{"@type":"WebSite","@id":"https:\/\/la-maison.net\/#website","url":"https:\/\/la-maison.net\/","name":"la-maison.net","description":"","publisher":{"@id":"https:\/\/la-maison.net\/#organization"},"potentialAction":[{"@type":"SearchAction","target":{"@type":"EntryPoint","urlTemplate":"https:\/\/la-maison.net\/?s={search_term_string}"},"query-input":{"@type":"PropertyValueSpecification","valueRequired":true,"valueName":"search_term_string"}}],"inLanguage":"fr-FR"},{"@type":"Organization","@id":"https:\/\/la-maison.net\/#organization","name":"La Maison","url":"https:\/\/la-maison.net\/","logo":{"@type":"ImageObject","inLanguage":"fr-FR","@id":"https:\/\/la-maison.net\/#\/schema\/logo\/image\/","url":"https:\/\/la-maison.net\/wp-content\/uploads\/2018\/12\/cropped-logo-2019-e1580116215100.jpg","contentUrl":"https:\/\/la-maison.net\/wp-content\/uploads\/2018\/12\/cropped-logo-2019-e1580116215100.jpg","width":384,"height":94,"caption":"La Maison"},"image":{"@id":"https:\/\/la-maison.net\/#\/schema\/logo\/image\/"}}]}},"_links":{"self":[{"href":"https:\/\/la-maison.net\/index.php\/wp-json\/wp\/v2\/pages\/2196"}],"collection":[{"href":"https:\/\/la-maison.net\/index.php\/wp-json\/wp\/v2\/pages"}],"about":[{"href":"https:\/\/la-maison.net\/index.php\/wp-json\/wp\/v2\/types\/page"}],"author":[{"embeddable":true,"href":"https:\/\/la-maison.net\/index.php\/wp-json\/wp\/v2\/users\/1"}],"replies":[{"embeddable":true,"href":"https:\/\/la-maison.net\/index.php\/wp-json\/wp\/v2\/comments?post=2196"}],"version-history":[{"count":14,"href":"https:\/\/la-maison.net\/index.php\/wp-json\/wp\/v2\/pages\/2196\/revisions"}],"predecessor-version":[{"id":5430,"href":"https:\/\/la-maison.net\/index.php\/wp-json\/wp\/v2\/pages\/2196\/revisions\/5430"}],"wp:attachment":[{"href":"https:\/\/la-maison.net\/index.php\/wp-json\/wp\/v2\/media?parent=2196"}],"curies":[{"name":"wp","href":"https:\/\/api.w.org\/{rel}","templated":true}]}}